{"id":18628,"date":"2020-11-06T20:20:32","date_gmt":"2020-11-06T20:20:32","guid":{"rendered":"https:\/\/dev.bikecheck.com.mx\/index.php\/adverts\/add\/"},"modified":"2020-11-06T20:20:32","modified_gmt":"2020-11-06T20:20:32","slug":"add","status":"publish","type":"page","link":"https:\/\/bak.bikecheck.com.mx\/?page_id=18628","title":{"rendered":"Add"},"content":{"rendered":"\r\n                    \r\n    \r\n<form action=\"\" method=\"post\" class=\"adverts-form adverts-form-aligned\">\r\n    <fieldset>\r\n        \r\n                <input type=\"hidden\" name=\"_post_id\" id=\"_post_id\"  \/>                <input type=\"hidden\" name=\"_adverts_action\" id=\"_adverts_action\" value=\"preview\"  \/>                <input type=\"hidden\" name=\"_wpadverts_checksum\" id=\"_wpadverts_checksum\" value=\"311e8cb2b9d22583d01267e5766d25b8\"  \/>                <input type=\"hidden\" name=\"_wpadverts_checksum_nonce\" id=\"_wpadverts_checksum_nonce\" value=\"cc9647c2f2\"  \/>                <input type=\"hidden\" name=\"_post_id_nonce\" id=\"_post_id_nonce\"  \/>                <input type=\"hidden\" name=\"_timetrap_field\" id=\"_timetrap_field\" value=\"ak1vZkhFNXZ0eUgydHdhckRFalFPUT09\"  \/>                \r\n                \r\n        <div class=\"adverts-control-group adverts-field-header adverts-field-name-_contact_information \">\r\n            \r\n                        <div class=\"adverts-field-header\">\r\n                <span class=\"adverts-field-header-title\">Informaci\u00f3n de Contacto<\/span>\r\n                            <\/div>\r\n                        \r\n                        \r\n        <\/div>\r\n                \r\n        <div class=\"adverts-control-group adverts-field-account adverts-field-name-_adverts_account \">\r\n            \r\n                        \r\n            <label for=\"_adverts_account\">\r\n                Cuenta de Usuario                            <\/label>\r\n            \r\n            <div class=\"adverts-form-input-group adverts-form-input-group-checkbox adverts-field-rows-1\" ><div ><label for=\"_adverts_account_1\" ><input type=\"checkbox\" name=\"_adverts_account[]\" id=\"_adverts_account_1\" value=\"1\"  \/> Marca la casilla para registrar autom\u00e1ticamente tu Cuenta de Usuario para poder gestionar tus anuncios (recibir\u00e1s la contrase\u00f1a por e-mail) o <a href=\"https:\/\/bak.bikecheck.com.mx\/wp-login.php?redirect_to=https%3A%2F%2Fbak.bikecheck.com.mx%2F%3Fpage_id%3D18628\">haz clic aqu\u00ed para Abrir Sesi\u00f3n con tu Cuenta de Usuario ya existente o para registrarla t\u00fa mismo.<\/a> Si no te registras, podr\u00e1s publicar anuncios pero no editarlos.<\/label><\/div><\/div>\r\n                        \r\n                        \r\n        <\/div>\r\n                \r\n        <div class=\"adverts-control-group adverts-field-text adverts-field-name-adverts_person \">\r\n            \r\n                        \r\n            <label for=\"adverts_person\">\r\n                Persona de Contacto                                <span class=\"adverts-form-required\">*<\/span>\r\n                            <\/label>\r\n            \r\n            <input type=\"text\" name=\"adverts_person\" id=\"adverts_person\"  \/>\r\n                        \r\n                        \r\n        <\/div>\r\n                \r\n        <div class=\"adverts-control-group adverts-field-text adverts-field-name-adverts_email \">\r\n            \r\n                        \r\n            <label for=\"adverts_email\">\r\n                E-mail                                <span class=\"adverts-form-required\">*<\/span>\r\n                            <\/label>\r\n            \r\n            <input type=\"text\" name=\"adverts_email\" id=\"adverts_email\"  \/>\r\n                        \r\n                        \r\n        <\/div>\r\n                \r\n        <div class=\"adverts-control-group adverts-field-text adverts-field-name-adverts_phone \">\r\n            \r\n                        \r\n            <label for=\"adverts_phone\">\r\n                Tel\u00e9fono                            <\/label>\r\n            \r\n            <input type=\"text\" name=\"adverts_phone\" id=\"adverts_phone\"  \/>\r\n                        \r\n                        \r\n        <\/div>\r\n                \r\n        <div class=\"adverts-control-group adverts-field-header adverts-field-name-_item_information \">\r\n            \r\n                        <div class=\"adverts-field-header\">\r\n                <span class=\"adverts-field-header-title\">Contenido del Anuncio<\/span>\r\n                            <\/div>\r\n                        \r\n                        \r\n        <\/div>\r\n                \r\n        <div class=\"adverts-control-group adverts-field-text adverts-field-name-post_title \">\r\n            \r\n                        \r\n            <label for=\"post_title\">\r\n                T\u00edtulo                                <span class=\"adverts-form-required\">*<\/span>\r\n                            <\/label>\r\n            \r\n            <input type=\"text\" name=\"post_title\" id=\"post_title\"  \/>\r\n                        \r\n                        \r\n        <\/div>\r\n                \r\n        <div class=\"adverts-control-group adverts-field-select adverts-field-name-advert_category \">\r\n            \r\n                        \r\n            <label for=\"advert_category\">\r\n                Categor\u00eda                            <\/label>\r\n            \r\n            <select id=\"advert_category\" name=\"advert_category[]\" class=\" adverts-multiselect adverts-max-choices[10]\" multiple=\"multiple\" ><option value=\"129\" >Accesorios<\/option><option value=\"128\" >Articulos Robados!<\/option><option value=\"119\" >Bicicletas<\/option><option value=\"122\" >Cascos<\/option><option value=\"125\" >Componentes<\/option><option value=\"124\" >Cuadros<\/option><option value=\"118\" >Default<\/option><option value=\"132\" >Manubrios<\/option><option value=\"123\" >Postes de Asiento<\/option><option value=\"126\" >Protecciones y equipo<\/option><option value=\"131\" >Racks<\/option><option value=\"120\" >Rodado<\/option><option value=\"121\" >Suspensiones y shocks<\/option><option value=\"130\" >Todo<\/option><option value=\"127\" >Transmisi\u00f3n<\/option><\/select>\r\n                        \r\n                        \r\n        <\/div>\r\n                \r\n        <div class=\"adverts-control-group adverts-field-gallery adverts-field-name-gallery \">\r\n            \r\n                        \r\n            <label for=\"gallery\">\r\n                Galer\u00eda de Im\u00e1genes                            <\/label>\r\n            \r\n            \n\n\n    <div id=\"adverts-plupload-upload-ui-gallery\" class=\"adverts-plupload-upload-ui adverts-browser-frontend\">\n        <div id=\"adverts-drag-drop-area-gallery\"class=\"adverts-drag-drop-area\">\n        \n        <\/div>\n        <div class=\"adverts-gallery\">\n            <p>Drop files here to add them.<\/p>\n            <p><a href=\"#\" id=\"adverts-plupload-browse-button-gallery\" class=\"adverts-plupload-browse-button adverts-button\">Selecciona Im\u00e1genes ...<\/a><\/p>\n        <\/div>\n        <div class=\"adverts-gallery-uploads\">\n\n        <\/div>\n\n    <\/div>\n    \n            \n        \n    \n    <script type=\"text\/javascript\">\n    if(typeof ADVERTS_PLUPLOAD_DATA === \"undefined\") {\n        var ADVERTS_PLUPLOAD_DATA = [];\n    }\n    ADVERTS_PLUPLOAD_DATA.push({\"init\":{\"runtimes\":\"html5,silverlight,flash,html4\",\"browse_button\":\"adverts-plupload-browse-button-gallery\",\"container\":\"adverts-plupload-upload-ui-gallery\",\"drop_element\":\"adverts-drag-drop-area-gallery\",\"file_data_name\":\"async-upload\",\"multiple_queues\":true,\"max_file_size\":\"0\",\"url\":\"https:\\\/\\\/bak.bikecheck.com.mx\\\/wp-admin\\\/admin-ajax.php\",\"flash_swf_url\":\"https:\\\/\\\/bak.bikecheck.com.mx\\\/wp-includes\\\/js\\\/plupload\\\/plupload.flash.swf\",\"silverlight_xap_url\":\"https:\\\/\\\/bak.bikecheck.com.mx\\\/wp-includes\\\/js\\\/plupload\\\/plupload.silverlight.xap\",\"filters\":[{\"title\":\"Archivos permitidos\",\"extensions\":\"*\"}],\"multipart\":true,\"urlstream_upload\":true,\"multipart_params\":{\"_wpadverts_checksum_nonce\":\"cc9647c2f2\",\"_wpadverts_checksum\":\"311e8cb2b9d22583d01267e5766d25b8\",\"action\":\"adverts_gallery_upload\",\"form\":\"advert\",\"field_name\":\"gallery\"}},\"data\":[],\"conf\":{\"button_class\":\"adverts-button\",\"input_post_id\":\"#_post_id\",\"input_post_id_nonce\":\"#_post_id_nonce\",\"_wpadverts_checksum_nonce\":\"cc9647c2f2\",\"_wpadverts_checksum\":\"311e8cb2b9d22583d01267e5766d25b8\",\"_post_id\":null,\"_post_id_nonce\":null,\"field_name\":\"gallery\",\"form_name\":\"advert\",\"save\":{\"method\":\"media-library\",\"supports\":[\"featured\"]},\"uniqid\":null},\"sizes\":{\"adverts_gallery\":{\"enabled\":1,\"width\":650,\"height\":300,\"crop\":false},\"adverts_list\":{\"enabled\":1,\"width\":310,\"height\":190,\"crop\":true},\"adverts_upload_thumbnail\":{\"enabled\":1,\"width\":150,\"height\":105,\"crop\":true}}});\n    \n    if(typeof ADVERTS_IMAGE_SIZES === \"undefined\") {\n        var ADVERTS_IMAGE_SIZES = {\"adverts_gallery\":{\"enabled\":1,\"width\":650,\"height\":300,\"crop\":false},\"adverts_list\":{\"enabled\":1,\"width\":310,\"height\":190,\"crop\":true},\"adverts_upload_thumbnail\":{\"enabled\":1,\"width\":150,\"height\":105,\"crop\":true}};\n    }\n    <\/script>\n    \r\n                        \r\n                        \r\n        <\/div>\r\n                \r\n        <div class=\"adverts-control-group adverts-field-textarea adverts-field-name-post_content \">\r\n            \r\n                        \r\n            <label for=\"post_content\">\r\n                Descripci\u00f3n                                <span class=\"adverts-form-required\">*<\/span>\r\n                            <\/label>\r\n            \r\n            <div id=\"wp-post_content-wrap\" class=\"wp-core-ui wp-editor-wrap tmce-active\"><link rel='stylesheet' id='dashicons-css'  href='https:\/\/bak.bikecheck.com.mx\/wp-includes\/css\/dashicons.min.css?ver=5.7.15' type='text\/css' media='all' \/>\n<link rel='stylesheet' id='editor-buttons-css'  href='https:\/\/bak.bikecheck.com.mx\/wp-includes\/css\/editor.min.css?ver=5.7.15' type='text\/css' media='all' \/>\n<div id=\"wp-post_content-editor-container\" class=\"wp-editor-container\"><textarea class=\"wp-editor-area\" rows=\"8\" autocomplete=\"off\" cols=\"40\" name=\"post_content\" id=\"post_content\"><\/textarea><\/div>\n<\/div>\n\n\r\n                        \r\n                        \r\n        <\/div>\r\n                \r\n        <div class=\"adverts-control-group adverts-field-text adverts-field-name-adverts_price \">\r\n            \r\n                        \r\n            <label for=\"adverts_price\">\r\n                Precio                            <\/label>\r\n            \r\n            <input type=\"text\" name=\"adverts_price\" id=\"adverts_price\" class=\"adverts-filter-money\"  \/>\r\n                        \r\n                        \r\n        <\/div>\r\n                \r\n        <div class=\"adverts-control-group adverts-field-text adverts-field-name-adverts_location \">\r\n            \r\n                        \r\n            <label for=\"adverts_location\">\r\n                Ubicaci\u00f3n                            <\/label>\r\n            \r\n            <input type=\"text\" name=\"adverts_location\" id=\"adverts_location\"  \/>\r\n                        \r\n                        \r\n        <\/div>\r\n                \r\n        <div class=\"adverts-control-group adverts-field-text adverts-field-name-website_address \">\r\n            \r\n                        \r\n            <label for=\"website_address\">\r\n                Website Address                            <\/label>\r\n            \r\n            <input type=\"text\" name=\"website_address\" id=\"website_address\" autocomplete=\"off\"  \/>\r\n                        \r\n                        \r\n        <\/div>\r\n                \r\n        <div class=\"adverts-control-group adverts-field-actions\">\r\n\r\n            <input type=\"submit\" name=\"submit\" value=\"Previsualizaci\u00f3n\" style=\"font-size:1.2em\" class=\"adverts-button adverts-cancel-unload\" \/>\r\n        <\/div>\r\n        \r\n    <\/fieldset>\r\n<\/form>\n","protected":false},"excerpt":{"rendered":"Informaci\u00f3n de Contacto Cuenta de Usuario Marca la casilla para registrar autom\u00e1ticamente tu Cuenta de Usuario para poder gestionar tus anuncios (recibir\u00e1s la contrase\u00f1a por e-mail) o haz clic aqu\u00ed para Abrir Sesi\u00f3n con tu Cuenta de Usuario ya existente o para registrarla t\u00fa mismo. Si no te registras, podr\u00e1s publicar anuncios pero no editarlos. Persona de Contacto * E-mail [...]","protected":false},"author":1,"featured_media":0,"parent":18627,"menu_order":0,"comment_status":"closed","ping_status":"closed","template":"","meta":{"_bbp_topic_count":0,"_bbp_reply_count":0,"_bbp_total_topic_count":0,"_bbp_total_reply_count":0,"_bbp_voice_count":0,"_bbp_anonymous_reply_count":0,"_bbp_topic_count_hidden":0,"_bbp_reply_count_hidden":0,"_bbp_forum_subforum_count":0,"pmpro_default_level":0},"_links":{"self":[{"href":"https:\/\/bak.bikecheck.com.mx\/index.php?rest_route=\/wp\/v2\/pages\/18628"}],"collection":[{"href":"https:\/\/bak.bikecheck.com.mx\/index.php?rest_route=\/wp\/v2\/pages"}],"about":[{"href":"https:\/\/bak.bikecheck.com.mx\/index.php?rest_route=\/wp\/v2\/types\/page"}],"author":[{"embeddable":true,"href":"https:\/\/bak.bikecheck.com.mx\/index.php?rest_route=\/wp\/v2\/users\/1"}],"replies":[{"embeddable":true,"href":"https:\/\/bak.bikecheck.com.mx\/index.php?rest_route=%2Fwp%2Fv2%2Fcomments&post=18628"}],"version-history":[{"count":0,"href":"https:\/\/bak.bikecheck.com.mx\/index.php?rest_route=\/wp\/v2\/pages\/18628\/revisions"}],"up":[{"embeddable":true,"href":"https:\/\/bak.bikecheck.com.mx\/index.php?rest_route=\/wp\/v2\/pages\/18627"}],"wp:attachment":[{"href":"https:\/\/bak.bikecheck.com.mx\/index.php?rest_route=%2Fwp%2Fv2%2Fmedia&parent=18628"}],"curies":[{"name":"wp","href":"https:\/\/api.w.org\/{rel}","templated":true}]}}