{"id":18629,"date":"2020-11-06T20:20:32","date_gmt":"2020-11-06T20:20:32","guid":{"rendered":"https:\/\/dev.bikecheck.com.mx\/index.php\/adverts\/manage\/"},"modified":"2020-11-06T20:20:32","modified_gmt":"2020-11-06T20:20:32","slug":"manage","status":"publish","type":"page","link":"https:\/\/bak.bikecheck.com.mx\/?page_id=18629","title":{"rendered":"Manage"},"content":{"rendered":"\r\n            <div class=\"adverts-flash-messages adverts-flash-error\">\r\n                    \r\n        <div class=\"adverts-flash-single\">\r\n                        <span class=\"adverts-flash-message-icon adverts-icon-lock\"><\/span>\r\n            <span class=\"adverts-flash-message-text adverts-flash-padding\">Solo los usuarios con sesi\u00f3n abierta pueden acceder a esta p\u00e1gina. Abre Sesi\u00f3n o Reg\u00edstrate.<\/span>\r\n                    <\/div>\r\n        <\/div>\r\n                \r\n    \n","protected":false},"excerpt":{"rendered":"Solo los usuarios con sesi\u00f3n abierta pueden acceder a esta p\u00e1gina. Abre Sesi\u00f3n o Reg\u00edstrate.","protected":false},"author":1,"featured_media":0,"parent":18627,"menu_order":0,"comment_status":"closed","ping_status":"closed","template":"","meta":{"_bbp_topic_count":0,"_bbp_reply_count":0,"_bbp_total_topic_count":0,"_bbp_total_reply_count":0,"_bbp_voice_count":0,"_bbp_anonymous_reply_count":0,"_bbp_topic_count_hidden":0,"_bbp_reply_count_hidden":0,"_bbp_forum_subforum_count":0,"pmpro_default_level":0},"_links":{"self":[{"href":"https:\/\/bak.bikecheck.com.mx\/index.php?rest_route=\/wp\/v2\/pages\/18629"}],"collection":[{"href":"https:\/\/bak.bikecheck.com.mx\/index.php?rest_route=\/wp\/v2\/pages"}],"about":[{"href":"https:\/\/bak.bikecheck.com.mx\/index.php?rest_route=\/wp\/v2\/types\/page"}],"author":[{"embeddable":true,"href":"https:\/\/bak.bikecheck.com.mx\/index.php?rest_route=\/wp\/v2\/users\/1"}],"replies":[{"embeddable":true,"href":"https:\/\/bak.bikecheck.com.mx\/index.php?rest_route=%2Fwp%2Fv2%2Fcomments&post=18629"}],"version-history":[{"count":0,"href":"https:\/\/bak.bikecheck.com.mx\/index.php?rest_route=\/wp\/v2\/pages\/18629\/revisions"}],"up":[{"embeddable":true,"href":"https:\/\/bak.bikecheck.com.mx\/index.php?rest_route=\/wp\/v2\/pages\/18627"}],"wp:attachment":[{"href":"https:\/\/bak.bikecheck.com.mx\/index.php?rest_route=%2Fwp%2Fv2%2Fmedia&parent=18629"}],"curies":[{"name":"wp","href":"https:\/\/api.w.org\/{rel}","templated":true}]}}