{"id":19458,"date":"2020-11-17T22:17:59","date_gmt":"2020-11-17T22:17:59","guid":{"rendered":"https:\/\/dev.bikecheck.com.mx\/index.php\/locacion\/"},"modified":"2020-11-17T22:17:59","modified_gmt":"2020-11-17T22:17:59","slug":"locacion","status":"publish","type":"page","link":"https:\/\/bak.bikecheck.com.mx\/?page_id=19458","title":{"rendered":"Location"},"content":{"rendered":"<p><br \/>\n<div class=\"geodir-categories-container bsui sdel-ef5f5601\" ><div class=\"gd-categories-widget  mb-3\"><div class=\"gd-cptcat-row gd-cptcat-gd_place \"><div class=\"row row-cols-1 row-cols-sm-2 row-cols-md-3\"><div class=\"gd-cptcat-ul gd-cptcat-parent col mb-4\"><div class=\"card h-100 shadow-sm p-0 m-0 border-0 bg-transparent\" >\n\t<div class=\"card-body text-center btn btn-outline-primary p-1 py-3\">\n\t\t<div class=\"gd-cptcat-cat-right text-uppercase text-truncate\">\n\t\t\t<a href=\"https:\/\/bak.bikecheck.com.mx\/?gd_placecategory=uncategorized\" class=\"text-reset stretched-link font-weight-bold h6\">\n\t\t\t\t<div class='gd-cptcat-cat-left border-0 m-0 overflow-hidden iconbox fill rounded-circle bg-white iconsmall d-inline-block mr-1 align-middle'><span class='gd-cptcat-icon' style=\"color:#ababab\"><img alt=\"Uncategorized icon\" src=\"2020\/11\/pin.png\"  class=\"mw-100 mh-100\"\/> <\/span><\/div>Uncategorized\t\t\t<\/a>\n\t\t\t <span class=\"gd-cptcat-count badge badge-light ml-2\"> <span class=\"gd-cptcat-count\">0<\/span><\/span>\t\t<\/div>\n\n<\/div><\/div><\/div><\/div><\/div><\/div><\/div><br \/>\n<div class=\"geodir-wgt-map bsui sdel-cda2e8b7\" ><!--START geodir-map-wrap-->\n<div class=\"geodir-map-wrap geodir-directory-map-wrap \">\n\t<div id=\"catcher_gd_map_canvas_directory\"><\/div>\n\t<!--START stick_trigger_container-->\n\t<div class=\"stick_trigger_container bsui\">\n\t\t<div class=\"trigger_sticky triggeroff_sticky mt-n5 btn btn-secondary mr-n2 c-pointer\" style=\"display: none;\">\n\t\t\t<i class=\"fas fa-map-marked-alt\"><\/i>\n\t\t\t<i class=\"fas fa-angle-right\"><\/i>\n\t\t<\/div>\n\t\t<!--end of stick trigger container-->\n\t\t<div class=\"geodir_map_container gd_map_canvas_directory bsui position-relative mw-100\"\n\t\t     id=\"sticky_map_gd_map_canvas_directory\"\n\t\t     style=\"width:100%;min-height:300px;\">\n\t\t\t<!--END map_background-->\n\t\t\t<div class=\"map_background\">\n\t\t\t\t<div class=\"top_banner_section_in clearfix\">\n\t\t\t\t\t<div class=\"gd_map_canvas_directory_TopLeft TopLeft position-absolute bg-white text-muted rounded-sm shadow-sm m-2 px-1 py-1 h5 c-pointer\" style=\"z-index: 3;\">\n\t\t\t\t\t\t<span class=\"triggermap\" id=\"gd_map_canvas_directory_triggermap\">\n\t\t\t\t\t\t\t<i class=\"fas fa-expand-arrows-alt fa-fw\" aria-hidden=\"true\"><\/i>\n\t\t\t\t\t\t\t<i class=\"fas fa-compress-arrows-alt fa-fw d-none\" aria-hidden=\"true\"><\/i>\n\t\t\t\t\t\t<\/span>\n\t\t\t\t\t<\/div>\n\t\t\t\t\t<div class=\"gd_map_canvas_directory_TopRight TopRight\"><\/div>\n\t\t\t\t\t<div id=\"gd_map_canvas_directory_wrapper\" class=\"main_map_wrapper\"\n\t\t\t\t\t     style=\"height:300px;width:100%;\">\n\t\t\t\t\t\t<div class=\"iprelative position-relative\">\n\t\t\t\t\t\t\t<div id=\"gd_map_canvas_directory\" class=\"geodir-map-canvas\"\n\t\t\t\t\t\t\t     data-map-type=\"directory\"\n\t\t\t\t\t\t\t     data-map-canvas=\"gd_map_canvas_directory\"\n\t\t\t\t\t\t\t     style=\"height:300px;width:100%;z-index: 0;\" ><\/div>\n\t\t\t\t\t\t\t<div id=\"gd_map_canvas_directory_loading_div\"\n\t\t\t\t\t\t\t     class=\"loading_div overlay overlay-black position-absolute row m-0\"\n\t\t\t\t\t\t\t     style=\"height:300px;width:100%;top:0;z-index: 2;\">\n\t\t\t\t\t\t\t\t<div class=\"spinner-border mx-auto align-self-center text-white\" role=\"status\">\n\t\t\t\t\t\t\t\t\t<span class=\"sr-only\">Loading...<\/span>\n\t\t\t\t\t\t\t\t<\/div>\n\t\t\t\t\t\t\t<\/div>\n\t\t\t\t\t\t\t<div id=\"gd_map_canvas_directory_map_nofound\"\n\t\t\t\t\t\t\t     class=\"advmap_nofound position-absolute row m-0 z-index-1\"\n\t\t\t\t\t\t\t     style=\"display:none;transform: translate(-50%, -50%);top:50%;left:50%;opacity: .85;pointer-events: none;\">\n\t\t\t\t\t\t\t\t<div class=\"alert alert-info text-center mx-auto align-self-center shadow-lg mb-0\">\n\t\t\t\t\t\t\t\t\t<div class='h3 alert-heading'>No Se Encontraron Registros<\/div><p> Lo sentimos, no se encontraron registros. Por favor, ajuste sus criterios de b\u00fasqueda y vuelva a intentarlo.<\/p>\t\t\t\t\t\t\t\t<\/div>\n\t\t\t\t\t\t\t<\/div>\n\t\t\t\t\t\t\t<div id=\"gd_map_canvas_directory_map_notloaded\"\n\t\t\t\t\t\t\t     class=\"advmap_notloaded position-absolute row m-0 z-index-1\"\n\t\t\t\t\t\t\t     style=\"display:none;transform: translate(-50%, -50%);top:50%;left:50%;opacity: .85;pointer-events: none;\">\n\t\t\t\t\t\t\t\t<div class=\"alert alert-danger text-center mx-auto align-self-center shadow-lg mb-0\">\n\t\t\t\t\t\t\t\t\t<div class='h3 alert-heading'>Maps failed to load<\/div><p> Sorry, unable to load the Maps API.<\/p>\t\t\t\t\t\t\t\t<\/div>\n\t\t\t\t\t\t\t<\/div>\n\t\t\t\t\t\t<\/div>\n\t\t\t\t\t<\/div>\n\t\t\t\t\t<div class=\"gd_map_canvas_directory_BottomLeft BottomLeft\"><\/div>\n\t\t\t\t<\/div>\n\t\t\t<\/div><!--END map_background-->\n\t\t\t<!-- START cat_filter\/search_filter -->\n<div class=\"geodir-map-cat-filter-wrap position-absolute row m-0 text-light px-2 overflow-hidden z-index-1\" style=\"max-height: 100%;right:0;bottom:0;background:#000000a1;\">\n\t<div class=\"map-category-listing gd-map-cat-ptypes scrollbars-ios overflow-auto\" style=\"max-height:300px;\">\n\t\t<div class=\"gd-trigger gd-triggeroff text-right c-pointer\">\n\t\t\t<i class=\"fas fa-chevron-down\"><\/i>\n\t\t\t<i class=\"fas fa-sliders-h d-none\"><\/i>\n\t\t<\/div>\n\t\t<div id=\"gd_map_canvas_directory_cat\"\n\t\t     class=\"gd_map_canvas_directory_map_category map_category\" \t\t     style=\"max-height:300px;\">\n\t\t\t<input type=\"search\"  name=\"search\"  id=\"gd_map_canvas_directory_search_string\"  placeholder=\"Search by name\"  title=\"hit enter to search\"  class=\"form-control form-control-sm\"  autocomplete=\"off\"  data-toggle=\"tooltip\"  data-placement=\"left\"  onkeydown=\"if(event.keyCode == 13){build_map_ajax_search_param(&#039;gd_map_canvas_directory&#039;, false);}\"  style=\"box-sizing: border-box;\"  aria-label=\"Search by name\"  >\n\t\t\t\t\t\t\t<input type=\"hidden\" id=\"gd_map_canvas_directory_child_collapse\" value=\"0\"\/>\n\t\t\t\t<input type=\"hidden\" id=\"gd_map_canvas_directory_cat_enabled\" value=\"1\"\/>\n\t\t\t\t<div class=\"geodir_toggle my-1\">\n\t\t\t\t\t\t\t\t\t\tSin categor\u00eda\t\t\t\t\t<script type=\"text\/javascript\">jQuery(window).on(\"load\",function(){geodir_show_sub_cat_collapse_button('gd_map_canvas_directory');});<\/script>\n\t\t\t\t\t\t\t\t\t<\/div>\n\t\t\t\t\t\t<div class=\"BottomRight\"><\/div>\n\t\t<\/div>\n\t<\/div>\n<\/div><!-- END cat_filter\/search_filter -->\t\t<\/div>\n\t\t<style>.geodir_map_container .poi-info-window .full-width{width:180px;position:relative;margin-left:inherit;left:inherit;}<\/style>\n<script type=\"text\/javascript\">\njQuery(function ($) {\n\t\t\t\tvar gdMapCanvas = 'gd_map_canvas_directory';\n\t\t\tbuild_map_ajax_search_param(gdMapCanvas, false);\t\t\t\t\t\t\t\t\t\t\t\tvar screenH, heightVH, ptypeH = 0;\n\t\t\tscreenH = $(window).height();\n\t\t\theightVH = parseFloat('300');\n\t\t\tif ($(\"#\" + gdMapCanvas + \"_posttype_menu\").length) {\n\t\t\t\tptypeH = $(\"#\" + gdMapCanvas + \"_posttype_menu\").outerHeight();\n\t\t\t}\n\t\t\t$(\"#\" + gdMapCanvas + \"_cat\").css(\"max-height\", heightVH - ptypeH + 'px');\n\t\t\t});\n<\/script>\n\t\t\t<\/div><!--END stick_trigger_container-->\n<\/div><!--END geodir-map-wrap-->\n<style>\n\tbody.stickymap_hide .stickymap{ display: none !important;}\n\tbody.stickymap_hide .stick_trigger_container .fa-angle-right{ transform: rotate(180deg);}\n\n\t\/* fullscreen map *\/\n\tbody.body_fullscreen > .stick_trigger_container{width: 100vw;\n\t\theight: 100vh;\n\t\tposition: fixed;\n\t\tz-index: 50000;}\n\n<\/style>\n<\/div><br \/>\n<div class=\"geodir-search-container bsui sdel-48b10398\" ><div class=\"geodir-search-form-wrapper mb-3\">\n<form class=\"w-100 d-block geodir-listing-search gd-search-bar-style\" name=\"geodir-listing-search\" action=\"https:\/\/bak.bikecheck.com.mx\/?page_id=20\/\" method=\"get\" style=\"box-sizing: content-box;\">\n    <input type=\"hidden\" name=\"geodir_search\" value=\"1\" \/>\n\n        \n        <div class=\"geodir-search form-row align-items-center\">\n\n                <input type=\"hidden\" name=\"stype\" value=\"gd_place\" data-slug=\"places\" \/><div class='gd-search-field-search col-auto flex-fill' style=\"flex-grow: 9999 !important;\">\n\t<div class=\"form-group\"  ><label  class=\"sr-only  \" >Buscar por <\/label><div class=\"input-group-inside position-relative w-100\"  ><div class=\"input-group-prepend position-absolute h-100\"><div class=\"input-group-text px-2 bg-transparent border-0\"><span class=\"geodir-search-input-label hover-swap text-muted\" onclick=\"jQuery('.search_text').val('').trigger('change').trigger('keyup');\"><i class=\"fas fa-search hover-content-original\"><\/i><i class=\"fas fa-times geodir-search-input-label-clear hover-content c-pointer\" title=\"Clear field\"><\/i><\/span><\/div><\/div><input type=\"text\"  name=\"s\"  placeholder=\"Buscar por \"  class=\"form-control search_text gd_search_text pl-4 w-100\"  onkeydown=\"if(event.keyCode == 13) geodir_click_search(this);\"  onClick=\"this.select();\"  autocomplete=\"off\"  size=\"16\"  aria-label=\"Buscar por \"  ><\/div><\/div><\/div>\n<div class='gd-search-field-near  col-auto flex-fill' style=\"flex-grow: 9999 !important;\">\n\t<div class=\"form-group\"  ><label  class=\"sr-only sr-only \" >Cerca<\/label><div class=\"input-group-inside position-relative w-100\"  ><div class=\"input-group-prepend position-absolute h-100\"><div class=\"input-group-text px-2 bg-transparent border-0\"><span class=\"geodir-search-input-label hover-swap text-muted\" onclick=\"jQuery('.snear').val('').trigger('change').trigger('keyup');jQuery('.sgeo_lat,.sgeo_lon').val('');\"><i class=\"fas fa-map-marker-alt hover-content-original\"><\/i><i class=\"fas fa-times geodir-search-input-label-clear hover-content c-pointer\" title=\"Clear field\"><\/i><\/span><\/div><\/div><input type=\"text\"  name=\"snear\"  placeholder=\"Cerca\"  class=\"form-control snear pl-4 w-100\"  onkeydown=\"javascript: if(event.keyCode == 13) geodir_click_search(this);\"  onClick=\"this.select();\"  autocomplete=\"off\"  size=\"16\"  aria-label=\"Cerca\"  ><\/div><\/div><\/div><div class='gd-search-field-search col-auto flex-grow-1'>\n\t<div class='form-group'>\n\t\t<button type=\"button\"  class=\"geodir_submit_search btn btn-primary w-100 \"  data-title=\"fas fa-search\"  aria-label=\"B\u00fasqueda\"  ><i class=\"fas fas fa-search\" aria-hidden=\"true\"><\/i><span class=\"sr-only\">B\u00fasqueda<\/span><\/button>\n\t<\/div>\n<\/div>\n        <\/div>\n\n        \n\n        <input name=\"sgeo_lat\" class=\"sgeo_lat\" type=\"hidden\" value=\"\"\/>\n    <input name=\"sgeo_lon\" class=\"sgeo_lon\" type=\"hidden\" value=\"\"\/>\n    \t<div class=\"geodir-keep-args\" style=\"display:none!important\">{\"bg\":\"\",\"mt\":\"\",\"mr\":\"\",\"mb\":3,\"ml\":\"\",\"pt\":\"\",\"pr\":\"\",\"pb\":\"\",\"pl\":\"\",\"border\":\"\",\"rounded\":\"\",\"rounded_size\":\"\",\"shadow\":\"\"}<\/div><\/form>\n<\/div>\n<\/div><br \/>\n<div class=\"geodir-listings bsui sdel-f10e933e\" >        <div id=\"geodir_69fb276016951\" class=\"geodir_locations geodir_location_listing mb-3 position-relative\">\n            \t<div\n\t\tclass=\"row row-cols-1 row-cols-sm-2 geodir-category-list-view geodir-widget-posts geodir-gridview row-cols-md-2\">\n\t\t<p class=\"geodir-info\">\n    <div class=\"alert alert-info \" role=\"alert\" ><i class=\"fas fa-info-circle\"><\/i> No se encontraron listados que coincidan con tu selecci\u00f3n. \u00bfFalta algo? \u00bfPor qu\u00e9 no <a href='https:\/\/bak.bikecheck.com.mx\/?page_id=19457&listing_type=gd_place'>agregar un listado?<\/a><\/div>\n\t<\/div>\n\t\t<\/div>\n\t\t<\/div>\n","protected":false},"excerpt":{"rendered":"Uncategorized 0 Loading... No Se Encontraron Registros Lo sentimos, no se encontraron registros. Por favor, ajuste sus criterios de b\u00fasqueda y vuelva a intentarlo. Maps failed to load Sorry, unable to load the Maps API. Sin categor\u00eda Buscar por Cerca B\u00fasqueda {\"bg\":\"\",\"mt\":\"\",\"mr\":\"\",\"mb\":3,\"ml\":\"\",\"pt\":\"\",\"pr\":\"\",\"pb\":\"\",\"pl\":\"\",\"border\":\"\",\"rounded\":\"\",\"rounded_size\":\"\",\"shadow\":\"\"} No se encontraron listados que coincidan con tu selecci\u00f3n. \u00bfFalta algo? \u00bfPor qu\u00e9 no agregar un listado?","protected":false},"author":1,"featured_media":0,"parent":0,"menu_order":0,"comment_status":"closed","ping_status":"closed","template":"","meta":{"_bbp_topic_count":0,"_bbp_reply_count":0,"_bbp_total_topic_count":0,"_bbp_total_reply_count":0,"_bbp_voice_count":0,"_bbp_anonymous_reply_count":0,"_bbp_topic_count_hidden":0,"_bbp_reply_count_hidden":0,"_bbp_forum_subforum_count":0,"pmpro_default_level":0},"_links":{"self":[{"href":"https:\/\/bak.bikecheck.com.mx\/index.php?rest_route=\/wp\/v2\/pages\/19458"}],"collection":[{"href":"https:\/\/bak.bikecheck.com.mx\/index.php?rest_route=\/wp\/v2\/pages"}],"about":[{"href":"https:\/\/bak.bikecheck.com.mx\/index.php?rest_route=\/wp\/v2\/types\/page"}],"author":[{"embeddable":true,"href":"https:\/\/bak.bikecheck.com.mx\/index.php?rest_route=\/wp\/v2\/users\/1"}],"replies":[{"embeddable":true,"href":"https:\/\/bak.bikecheck.com.mx\/index.php?rest_route=%2Fwp%2Fv2%2Fcomments&post=19458"}],"version-history":[{"count":0,"href":"https:\/\/bak.bikecheck.com.mx\/index.php?rest_route=\/wp\/v2\/pages\/19458\/revisions"}],"wp:attachment":[{"href":"https:\/\/bak.bikecheck.com.mx\/index.php?rest_route=%2Fwp%2Fv2%2Fmedia&parent=19458"}],"curies":[{"name":"wp","href":"https:\/\/api.w.org\/{rel}","templated":true}]}}